{"id":3,"date":"2024-10-23T09:03:13","date_gmt":"2024-10-23T09:03:13","guid":{"rendered":"https:\/\/decareto-test.qivoro.han-solo.net\/?page_id=3"},"modified":"2025-03-20T11:47:56","modified_gmt":"2025-03-20T11:47:56","slug":"datenschutz","status":"publish","type":"page","link":"https:\/\/decareto-test.qivoro.han-solo.net\/de\/datenschutz\/","title":{"rendered":"Datenschutz"},"content":{"rendered":"\t\t<div data-elementor-type=\"wp-page\" data-elementor-id=\"3\" class=\"elementor elementor-3\" data-elementor-post-type=\"page\">\n\t\t\t\t<div class=\"elementor-element elementor-element-da8f880 e-flex e-con-boxed e-con e-parent\" data-id=\"da8f880\" data-element_type=\"container\">\n\t\t\t\t\t<div class=\"e-con-inner\">\n\t\t\t\t<div class=\"elementor-element elementor-element-2a1f4ff content_links header_colors elementor-widget elementor-widget-text-editor\" data-id=\"2a1f4ff\" data-element_type=\"widget\" data-widget_type=\"text-editor.default\">\n\t\t\t\t<div class=\"elementor-widget-container\">\n\t\t\t\t\t\t\t<h1><strong>Datenschutz<\/strong><\/h1><h5><strong>Verantwortlicher f\u00fcr die Verarbeitung<\/strong><\/h5><p>Im Folgenden informieren wir, die decareto GmbH, \u00fcber die Verarbeitung personenbezogener Daten auf unserer Website decareto.de sowie unserem Kundenbereich app.decareto.de.<\/p><p>Verantwortlich fu\u0308r die Datenverarbeitung auf Website und Kundenbereich ist<\/p><p>decareto GmbH<br \/>Mittelweg 144<br \/>20148 Hamburg<br \/><a href=\"mailto:info@decareto.de\" data-auto-event-observed=\"true\">info@decareto.de<\/a><\/p><h5><strong>Fragen zum Datenschutz<\/strong><\/h5><p>Bei Fragen zum Datenschutz wenden Sie sich bitte direkt an:<\/p><p>decareto GmbH<br \/>Eckhard Schneider<br \/>Mittelweg 144<br \/>20148 Hamburg<br \/><a href=\"mailto:datenschutz@decareto.de\" data-auto-event-observed=\"true\">datenschutz@decareto.de<\/a><\/p><h5><strong>Website-Hosting<\/strong><\/h5><p>Die Server unserer Website\u00a0<a href=\"https:\/\/decareto-test.qivoro.han-solo.net\/de\/\" data-auto-event-observed=\"true\">decareto-test.qivoro.han-solo.net<\/a>\u00a0stehen in Deutschland und werden vom Provider hostnet GmbH in Bremen betrieben. Wir haben mit hostnet einen Auftragsverarbeitungsvertrag nach Art. 28 DSGVO abgeschlossen. Website:\u00a0<a href=\"https:\/\/www.hostnet.de\/\" data-auto-event-observed=\"true\">https:\/\/www.hostnet.de\/<\/a><\/p><p>Die Server unserer Website\u00a0<a href=\"https:\/\/app.decareto.de\/\" data-auto-event-observed=\"true\">app.decareto.de<\/a>\u00a0stehen in Deutschland und werden vom Provider CORPEX Internet GmbH in Hamburg betrieben. Wir haben mit Corpex einen Auftragsverarbeitungsvertrag nach Art. 28 DSGVO abgeschlossen. Website:\u00a0<a href=\"https:\/\/www.corpex.de\/\" data-auto-event-observed=\"true\">https:\/\/www.corpex.de\/<\/a><\/p><h5><strong>Server-Logfiles<\/strong><\/h5><p>Bei jedem Aufruf unserer Websites erfasst der Webserver unseres Systems Informationen des verwendeten Endger\u00e4ts. Folgende Daten werden dabei von uns erhoben:<\/p><ul><li>Informationen \u00fcber den Browsertyp<\/li><li>Betriebssystem des Endger\u00e4tes des Benutzers<\/li><li>Datum und Uhrzeit des Zugriffs<\/li><li>Die vorherige Website, von denen der Benutzer auf unsere Websites gelangt (Referrer)<\/li><\/ul><p>Wir erheben IP-Adressen nur anonymisiert, in unseren Logfiles speichern wir also keine personenbezogenen Daten im Sinne der DSGVO.<\/p><h5><strong>Registrierung und Login-Bereich<\/strong><\/h5><p>Wir bieten Interessenten und Kunden die M\u00f6glichkeit, sich unter Angabe personenbezogener Daten f\u00fcr die Nutzung des Kundenbereichs app.decareto.de zu registrieren. Die Daten werden entweder im Rahmen einer pers\u00f6nlichen Kommunikation an unsere Mitarbeiter \u00fcbergeben und von diesen ins System eingepflegt, oder Sie \u00fcbermitteln die Daten durch Nutzung eines Registrierungsformulars. Eine Weitergabe der Daten an Dritte findet nicht statt.<\/p><p>Folgende Daten werden im Rahmen einer Registrierung erhoben:<\/p><ul><li>Email-Adresse<\/li><li>Passwort<\/li><li>Vor- und Nachname<\/li><li>Unternehmen<\/li><li>Anschrift<\/li><\/ul><p>Folgende Daten werden im Rahmen eines Logins erhoben:<\/p><ul><li>Email-Adresse<\/li><li>Passwort<\/li><\/ul><p>Rechtsgrundlage f\u00fcr die Datenverarbeitung ist Art. 6 Abs. 1 lit b) DSGVO (Erf\u00fcllung eines Vertrages), da die Registrierung und der Login f\u00fcr die Erf\u00fcllung eines Vertrages bzw. zur Durchf\u00fchrung vorvertraglicher Verfahren, wie einer kostenfreien Testphase, notwendig ist.<\/p><p>Die Registrierung und der Login dienen dem Zweck, Zugriff auf die Funktionen des Kundenbereichs zu erhalten und damit den Funktionsumfang von decareto Compliance Monitoring nutzen zu k\u00f6nnen. Weiterhin dient die Datenverarbeitung im Rahmen der Registrierung dem Abschluss, der Durchf\u00fchrung oder der Beendigung eines Vertrages mit uns.<\/p><p>Die oben genannten Daten werden gel\u00f6scht, sobald sie f\u00fcr den Verwendungszweck nicht mehr notwendig sind. Wir l\u00f6schen die Daten bei Beendigung einer Testphase, wenn keine Fortf\u00fchrung im Rahmen eines Vertrages gew\u00fcnscht ist, bzw. nach Beendigung eines Vertrages.<\/p><p>Auch nach Vertragsbeendigung kann eine Notwendigkeit zur Speicherung personenbezogener Daten aus gesetzlichen Verpflichtungen bestehen, etwa aufgrund steuerlicher Aufbewahrungsfristen.<\/p><p>Ein registrierter Benutzer hat jederzeit das Recht, die Registrierung aufzul\u00f6sen, die gespeicherten Daten k\u00f6nnen jederzeit abge\u00e4ndert werden. Dazu wenden Sie sich bitte an datenschutz@decareto.de.<\/p><h5><strong>Cookies<\/strong><\/h5><p>Auf unserer Website decareto.de werden lediglich technisch notwendige Cookies eingesetzt:<\/p><ul><li>ein sogenanntes Session-Cookie, das nach dem Schlie\u00dfen des Browsers gel\u00f6scht wird. Dieses dient dazu, verschiedene Anfragen des Browsers einer gemeinsamen Sitzung zuzuordnen.<\/li><li>ein permanentes Cookie, das gesetzt wird, sobald das Banner mit der Cookie-Information vom Benutzer geschlossen wurde.<\/li><\/ul><p>Unser Kundenbereich app.decareto.de nutzt lediglich technisch notwendige Cookies:<\/p><ul><li>ein sogenanntes Session-Cookie, das nach dem Schlie\u00dfen des Browsers gel\u00f6scht wird. Dieses dient dazu, verschiedene Anfragen des Browsers einer gemeinsamen Sitzung zuzuordnen.<\/li><li>ein permanentes Cookie, das gesetzt wird, sobald das Banner mit der Cookie-Information vom Benutzer geschlossen wurde.<\/li><\/ul><h5><strong>Webanalyse mit etracker<\/strong><\/h5><p>Wir nutzen auf unserer Website decareto.de und app.decareto.de Dienste der etracker GmbH aus Hamburg, Deutschland zur Analyse von Nutzungsdaten. Wir verwenden standardm\u00e4\u00dfig keine Cookies f\u00fcr die Web-Analyse. Die Datenverarbeitung erfolgt auf Basis der gesetzlichen Bestimmungen des Art. 6 Abs. 1 lit. f (berechtigtes Interesse) der Datenschutzgrundverordnung (DSGVO). Unser Anliegen im Sinne der DSGVO (berechtigtes Interesse) ist die Optimierung unseres Online-Angebotes und unseres Webauftritts. Da uns die Privatsph\u00e4re unserer Besucher wichtig ist, werden die Daten, die m\u00f6glicherweise einen Bezug zu einer einzelnen Person zulassen, wie die IP-Adresse, Anmelde- oder Ger\u00e4tekennungen, fr\u00fchestm\u00f6glich anonymisiert oder pseudonymisiert. Eine andere Verwendung, Zusammenf\u00fchrung mit anderen Daten oder eine Weitergabe an Dritte erfolgt nicht.<\/p><h5><strong>Newsletter<\/strong><\/h5><p>Im Rahmen Ihrer Anmeldung zu einem E-Mail-Newsletter ben\u00f6tigen wir Ihre E-Mail-Adresse, an die der Newsletter versendet werden soll.<\/p><p>Melden Sie sich auf dieser Webseite f\u00fcr den Newsletter an, verwenden wir die von Ihnen eingegebenen Daten ausschlie\u00dflich f\u00fcr diesen Zweck oder um Sie \u00fcber die relevanten Umst\u00e4nde zu diesem Dienst oder dessen Registrierung zu informieren. Diese Daten geben wir zum Zweck der Verwaltung und Durchf\u00fchrung des Newslettermailings an den Dienstleister ActiveCampaign weiter. Wir haben mit ActiveCampaign einen Vertrag \u00fcber das Verfahren zur Auftragsverarbeitung abgeschlossen. Dadurch wird sichergestellt, dass sich der Dienstleister bei der Verwaltung und Durchf\u00fchrung des Newslettermailings in allen Punkten an die strengen Vorgaben des deutschen Datenschutzrechts h\u00e4lt.<\/p><p>Durch die Nutzung von ActiveCampaign werden Daten in einem Drittland (USA) gespeichert. Uns ist bewusst, dass in den USA nicht das gleiche Sicherheitsniveau wie in der EU gew\u00e4hrleistet ist. Da wir jedoch nur mit Email-Adressen arbeiten und noch nicht einmal Namen erheben, halten wir das Risiko f\u00fcr verretbar.<\/p><p>F\u00fcr den Empfang des Newsletters bedarf es einer validen E-Mail-Adresse. Gespeichert wird zudem der Status der Zustellung (&#8222;Bounces&#8220;) und das Datum, an dem Sie den Newsletter bestellen. Um dar\u00fcber hinaus sicherzustellen, dass eine E-Mail-Adresse nicht missbr\u00e4uchlich durch Dritte in unseren Verteiler eingetragen wird, arbeiten wir gem\u00e4\u00df dem \u201eDouble-Opt-In\u201c-Verfahren. Bei diesem Verfahren erhalten Sie nach Anmeldung eine Best\u00e4tigungs-E-Mail an Ihre angegebene E-Mail-Adresse. Erst wenn Sie durch Anklicken eines dort enthaltenen Links Ihre Anmeldung best\u00e4tigt haben, erhalten Sie in Folge den gew\u00fcnschten E-Mail-Newsletter. Im Rahmen dieses Verfahren wird die Bestellung des Newsletters, der Versand der Best\u00e4tigungsmail und der Erhalt der Anmeldebest\u00e4tigung protokolliert.<\/p><p>Sie haben jederzeit die M\u00f6glichkeit, Ihre Einwilligung zur Speicherung der Daten, Ihrer E-Mail-Adresse und deren Nutzung f\u00fcr den Newsletter-Versand mit Wirkung f\u00fcr die Zukunft zu widerrufen. F\u00fcr den Widerruf stellen wir Ihnen in jedem Newsletter einen Link zur Verf\u00fcgung. Sie haben au\u00dferdem die M\u00f6glichkeit, Ihren Widerrufswunsch schriftlich an die oben genannten Kontaktm\u00f6glichkeiten mitzuteilen.<\/p><h5><strong>Online-Terminvereinbarung Microsoft Bookings<\/strong><\/h5><p>Unsere Website verwendet f\u00fcr die Online-Terminvereinbarung den Dienst Microsoft Bookings (Teil von Microsoft Office 365) des Anbieters Microsoft Ireland Operations Limited, One Microsoft Place, South County Business Park, Leopardstown, Dublin 18 D18 P521 (im Folgenden: \u201eMicrosoft\u201c). Mit der Software ist die Buchung eines Telefontermins mit einem Mitarbeiter der decareto GmbH m\u00f6glich. Die Verbindung zu dem Dienst wird nur hergestellt, wenn Sie \u00fcber den Button auf unserer Demo-Seite die Online-Buchungs-Funktion aufrufen. F\u00fcr die Terminvereinbarung werden Ihre Eingaben im Terminvereinbarungs-Formular an Microsoft \u00fcbertragen. Weitergehende Informationen zum Umgang Ihren Daten finden Sie in der Datenschutzerkl\u00e4rung von Microsoft.<\/p><p>Wenn Sie den Dienst nicht nutzen m\u00f6chten, nutzen Sie bitte eine andere der angebotenen Kontaktm\u00f6glichkeiten zur Terminvereinbarung.<\/p><h5><strong>Betroffenenrechte<\/strong><\/h5><p>Wenn wir Ihre personenbezogenen Daten verarbeiten, so sind Sie im Sinne der DSGVO ein \u201eBetroffener\u201c. Ihnen stehen damit folgende Rechte in Bezug auf Ihre personenbezogenen Daten zu:<\/p><ul><li>Recht auf Auskunft,<\/li><li>Recht auf Berichtigung oder L\u00f6schung,<\/li><li>Recht auf Einschr\u00e4nkung der Verarbeitung,<\/li><li>Recht auf Widerspruch gegen die Verarbeitung,<\/li><li>Recht auf Daten\u00fcbertragbarkeit.<\/li><\/ul><p>Wenn Sie uns eine Einwilligung erteilt haben, so haben Sie au\u00dferdem das Recht, die Einwilligung jederzeit zu widerrufen. Alle Datenverarbeitungen, die wir bis zu Ihrem Widerruf vorgenommen haben, bleiben in diesem Fall rechtm\u00e4\u00dfig.<\/p><p>Sie haben zudem das Recht, sich bei einer Datenschutz-Aufsichtsbeh\u00f6rde \u00fcber die Verarbeitung Ihrer personenbezogenen Daten durch uns zu beschweren.<\/p>\t\t\t\t\t\t<\/div>\n\t\t\t\t<\/div>\n\t\t\t\t\t<\/div>\n\t\t\t\t<\/div>\n\t\t\t\t<\/div>\n\t\t","protected":false},"excerpt":{"rendered":"<p>Datenschutz Verantwortlicher f\u00fcr die Verarbeitung Im Folgenden informieren wir, die decareto GmbH, \u00fcber die Verarbeitung personenbezogener Daten auf unserer Website decareto.de sowie unserem Kundenbereich app.decareto.de. Verantwortlich fu\u0308r die Datenverarbeitung auf Website und Kundenbereich ist decareto GmbHMittelweg 14420148 Hamburginfo@decareto.de Fragen zum Datenschutz Bei Fragen zum Datenschutz wenden Sie sich bitte direkt an: decareto GmbHEckhard SchneiderMittelweg 14420148 [&hellip;]<\/p>\n","protected":false},"author":1,"featured_media":0,"parent":0,"menu_order":0,"comment_status":"closed","ping_status":"open","template":"","meta":{"_acf_changed":false,"_seopress_robots_primary_cat":"","_seopress_titles_title":"privacy statement - decareto","_seopress_titles_desc":"","_seopress_robots_index":"","footnotes":""},"class_list":["post-3","page","type-page","status-publish","hentry"],"acf":[],"_links":{"self":[{"href":"https:\/\/decareto-test.qivoro.han-solo.net\/de\/wp-json\/wp\/v2\/pages\/3","targetHints":{"allow":["GET"]}}],"collection":[{"href":"https:\/\/decareto-test.qivoro.han-solo.net\/de\/wp-json\/wp\/v2\/pages"}],"about":[{"href":"https:\/\/decareto-test.qivoro.han-solo.net\/de\/wp-json\/wp\/v2\/types\/page"}],"author":[{"embeddable":true,"href":"https:\/\/decareto-test.qivoro.han-solo.net\/de\/wp-json\/wp\/v2\/users\/1"}],"replies":[{"embeddable":true,"href":"https:\/\/decareto-test.qivoro.han-solo.net\/de\/wp-json\/wp\/v2\/comments?post=3"}],"version-history":[{"count":26,"href":"https:\/\/decareto-test.qivoro.han-solo.net\/de\/wp-json\/wp\/v2\/pages\/3\/revisions"}],"predecessor-version":[{"id":2969,"href":"https:\/\/decareto-test.qivoro.han-solo.net\/de\/wp-json\/wp\/v2\/pages\/3\/revisions\/2969"}],"wp:attachment":[{"href":"https:\/\/decareto-test.qivoro.han-solo.net\/de\/wp-json\/wp\/v2\/media?parent=3"}],"curies":[{"name":"wp","href":"https:\/\/api.w.org\/{rel}","templated":true}]}}