{"id":3085,"date":"2025-03-20T12:54:42","date_gmt":"2025-03-20T12:54:42","guid":{"rendered":"https:\/\/decareto-test.qivoro.han-solo.net\/gdpr-check\/"},"modified":"2025-04-14T12:52:32","modified_gmt":"2025-04-14T12:52:32","slug":"dsgvo-check","status":"publish","type":"page","link":"https:\/\/decareto-test.qivoro.han-solo.net\/de\/dsgvo-check\/","title":{"rendered":"Datenschutz-Check"},"content":{"rendered":"\t\t<div data-elementor-type=\"wp-page\" data-elementor-id=\"3085\" class=\"elementor elementor-3085 elementor-2986\" data-elementor-post-type=\"page\">\n\t\t\t\t<main class=\"elementor-element elementor-element-18a2e4a e-con-full e-flex e-con e-parent\" data-id=\"18a2e4a\" data-element_type=\"container\">\n\t\t<div class=\"elementor-element elementor-element-2eeabd7 hero_gradient e-flex e-con-boxed e-con e-child\" data-id=\"2eeabd7\" data-element_type=\"container\">\n\t\t\t\t\t<div class=\"e-con-inner\">\n\t\t\t\t<div class=\"elementor-element elementor-element-8921105 elementor-widget__width-initial elementor-widget elementor-widget-text-editor\" data-id=\"8921105\" data-element_type=\"widget\" data-widget_type=\"text-editor.default\">\n\t\t\t\t<div class=\"elementor-widget-container\">\n\t\t\t\t\t\t\tWebsite Datenschutz Check\t\t\t\t\t\t<\/div>\n\t\t\t\t<\/div>\n\t\t\t\t<div class=\"elementor-element elementor-element-b8f88a3 elementor-widget__width-initial elementor-widget elementor-widget-heading\" data-id=\"b8f88a3\" data-element_type=\"widget\" data-widget_type=\"heading.default\">\n\t\t\t\t<div class=\"elementor-widget-container\">\n\t\t\t<h1 class=\"elementor-heading-title elementor-size-default\">Datenschutz-Risiken managen mit dem decareto DSGVO-Scanner <\/h1>\t\t<\/div>\n\t\t\t\t<\/div>\n\t\t\t\t<div class=\"elementor-element elementor-element-e2c33d5 elementor-widget elementor-widget-image\" data-id=\"e2c33d5\" data-element_type=\"widget\" data-widget_type=\"image.default\">\n\t\t\t\t<div class=\"elementor-widget-container\">\n\t\t\t\t\t\t\t\t\t\t\t\t\t<img loading=\"lazy\" decoding=\"async\" width=\"1267\" height=\"577\" src=\"https:\/\/decareto-test.qivoro.han-solo.net\/wp-content\/uploads\/2025\/04\/priv_1_de.png\" class=\"attachment-full size-full wp-image-3062\" alt=\"\" srcset=\"https:\/\/decareto-test.qivoro.han-solo.net\/wp-content\/uploads\/2025\/04\/priv_1_de.png 1267w, https:\/\/decareto-test.qivoro.han-solo.net\/wp-content\/uploads\/2025\/04\/priv_1_de-300x137.png 300w, https:\/\/decareto-test.qivoro.han-solo.net\/wp-content\/uploads\/2025\/04\/priv_1_de-1024x466.png 1024w, https:\/\/decareto-test.qivoro.han-solo.net\/wp-content\/uploads\/2025\/04\/priv_1_de-768x350.png 768w\" sizes=\"auto, (max-width: 1267px) 100vw, 1267px\" \/>\t\t\t\t\t\t\t\t\t\t\t\t\t<\/div>\n\t\t\t\t<\/div>\n\t\t\t\t\t<\/div>\n\t\t\t\t<\/div>\n\t\t<div class=\"elementor-element elementor-element-791ebca e-flex e-con-boxed e-con e-child\" data-id=\"791ebca\" data-element_type=\"container\" data-settings=\"{&quot;background_background&quot;:&quot;classic&quot;}\">\n\t\t\t\t\t<div class=\"e-con-inner\">\n\t\t<div class=\"elementor-element elementor-element-55915e2 e-grid e-con-full e-con e-child\" data-id=\"55915e2\" data-element_type=\"container\" data-settings=\"{&quot;background_background&quot;:&quot;classic&quot;}\">\n\t\t<div class=\"elementor-element elementor-element-ec1cd98 e-con-full e-flex e-con e-child\" data-id=\"ec1cd98\" data-element_type=\"container\">\n\t\t\t\t<div class=\"elementor-element elementor-element-d25daad elementor-widget__width-initial elementor-widget elementor-widget-text-editor\" data-id=\"d25daad\" data-element_type=\"widget\" data-widget_type=\"text-editor.default\">\n\t\t\t\t<div class=\"elementor-widget-container\">\n\t\t\t\t\t\t\tAutomatisierungsl\u00f6sung\t\t\t\t\t\t<\/div>\n\t\t\t\t<\/div>\n\t\t<div class=\"elementor-element elementor-element-8ea0d56 e-con-full e-flex e-con e-child\" data-id=\"8ea0d56\" data-element_type=\"container\">\n\t\t\t\t<div class=\"elementor-element elementor-element-c1a0793 elementor-widget elementor-widget-heading\" data-id=\"c1a0793\" data-element_type=\"widget\" data-widget_type=\"heading.default\">\n\t\t\t\t<div class=\"elementor-widget-container\">\n\t\t\t<h2 class=\"elementor-heading-title elementor-size-default\">Erkennung und Bewertung aller Datenverarbeitungen auf Websites - vollautomatisch<\/h2>\t\t<\/div>\n\t\t\t\t<\/div>\n\t\t\t\t<div class=\"elementor-element elementor-element-bac6afe elementor-widget elementor-widget-text-editor\" data-id=\"bac6afe\" data-element_type=\"widget\" data-widget_type=\"text-editor.default\">\n\t\t\t\t<div class=\"elementor-widget-container\">\n\t\t\t\t\t\t\t<p>Mit unserer laufend erweiterten Daten-bank erkennt decareto Tausende von externen Diensten und Cookies, und bewertet sie bez\u00fcglich Rechtsgrundlage, Notwendigkeit und Datenverarbeitung im Ausland<\/p>\t\t\t\t\t\t<\/div>\n\t\t\t\t<\/div>\n\t\t\t\t<\/div>\n\t\t<div class=\"elementor-element elementor-element-1d4173d e-con-full e-flex e-con e-child\" data-id=\"1d4173d\" data-element_type=\"container\">\n\t\t\t\t<div class=\"elementor-element elementor-element-c239be3 btn_border_white elementor-widget elementor-widget-button\" data-id=\"c239be3\" data-element_type=\"widget\" data-widget_type=\"button.default\">\n\t\t\t\t<div class=\"elementor-widget-container\">\n\t\t\t\t\t\t\t\t<a class=\"elementor-button elementor-button-link elementor-size-sm\" href=\"https:\/\/calendly.com\/eckhard-schneider\/demo\/\">\n\t\t\t\t\t\t<span class=\"elementor-button-content-wrapper\">\n\t\t\t\t\t\t\t\t\t<span class=\"elementor-button-text\">Demo vereinbaren<\/span>\n\t\t\t\t\t<\/span>\n\t\t\t\t\t<\/a>\n\t\t\t\t\t\t<\/div>\n\t\t\t\t<\/div>\n\t\t\t\t<div class=\"elementor-element elementor-element-cd71622 btn_border_blue utm_link_btn elementor-widget elementor-widget-button\" data-id=\"cd71622\" data-element_type=\"widget\" data-widget_type=\"button.default\">\n\t\t\t\t<div class=\"elementor-widget-container\">\n\t\t\t\t\t\t\t\t<a class=\"elementor-button elementor-button-link elementor-size-sm\" href=\"https:\/\/app.decareto.de\/client\/signup\">\n\t\t\t\t\t\t<span class=\"elementor-button-content-wrapper\">\n\t\t\t\t\t\t<span class=\"elementor-button-icon\">\n\t\t\t\t<svg aria-hidden=\"true\" class=\"e-font-icon-svg e-fas-arrow-right\" viewBox=\"0 0 448 512\" xmlns=\"http:\/\/www.w3.org\/2000\/svg\"><path d=\"M190.5 66.9l22.2-22.2c9.4-9.4 24.6-9.4 33.9 0L441 239c9.4 9.4 9.4 24.6 0 33.9L246.6 467.3c-9.4 9.4-24.6 9.4-33.9 0l-22.2-22.2c-9.5-9.5-9.3-25 .4-34.3L311.4 296H24c-13.3 0-24-10.7-24-24v-32c0-13.3 10.7-24 24-24h287.4L190.9 101.2c-9.8-9.3-10-24.8-.4-34.3z\"><\/path><\/svg>\t\t\t<\/span>\n\t\t\t\t\t\t\t\t\t<span class=\"elementor-button-text\">Jetzt kostenlos testen<\/span>\n\t\t\t\t\t<\/span>\n\t\t\t\t\t<\/a>\n\t\t\t\t\t\t<\/div>\n\t\t\t\t<\/div>\n\t\t\t\t<\/div>\n\t\t\t\t<\/div>\n\t\t\t\t<div class=\"elementor-element elementor-element-660bcc1 elementor-widget elementor-widget-image\" data-id=\"660bcc1\" data-element_type=\"widget\" data-widget_type=\"image.default\">\n\t\t\t\t<div class=\"elementor-widget-container\">\n\t\t\t\t\t\t\t\t\t\t\t\t\t<img loading=\"lazy\" decoding=\"async\" width=\"523\" height=\"520\" src=\"https:\/\/decareto-test.qivoro.han-solo.net\/wp-content\/uploads\/2025\/04\/priv_2_de.png\" class=\"attachment-full size-full wp-image-3058\" alt=\"\" srcset=\"https:\/\/decareto-test.qivoro.han-solo.net\/wp-content\/uploads\/2025\/04\/priv_2_de.png 523w, https:\/\/decareto-test.qivoro.han-solo.net\/wp-content\/uploads\/2025\/04\/priv_2_de-300x298.png 300w, https:\/\/decareto-test.qivoro.han-solo.net\/wp-content\/uploads\/2025\/04\/priv_2_de-150x150.png 150w\" sizes=\"auto, (max-width: 523px) 100vw, 523px\" \/>\t\t\t\t\t\t\t\t\t\t\t\t\t<\/div>\n\t\t\t\t<\/div>\n\t\t\t\t<\/div>\n\t\t<div class=\"elementor-element elementor-element-ccd0f82 e-grid e-con-full e-con e-child\" data-id=\"ccd0f82\" data-element_type=\"container\" data-settings=\"{&quot;background_background&quot;:&quot;classic&quot;}\">\n\t\t\t\t<div class=\"elementor-element elementor-element-5905a5e elementor-widget elementor-widget-image\" data-id=\"5905a5e\" data-element_type=\"widget\" data-widget_type=\"image.default\">\n\t\t\t\t<div class=\"elementor-widget-container\">\n\t\t\t\t\t\t\t\t\t\t\t\t\t<img loading=\"lazy\" decoding=\"async\" width=\"523\" height=\"520\" src=\"https:\/\/decareto-test.qivoro.han-solo.net\/wp-content\/uploads\/2025\/04\/priv_3_de.png\" class=\"attachment-full size-full wp-image-3054\" alt=\"\" srcset=\"https:\/\/decareto-test.qivoro.han-solo.net\/wp-content\/uploads\/2025\/04\/priv_3_de.png 523w, https:\/\/decareto-test.qivoro.han-solo.net\/wp-content\/uploads\/2025\/04\/priv_3_de-300x298.png 300w, https:\/\/decareto-test.qivoro.han-solo.net\/wp-content\/uploads\/2025\/04\/priv_3_de-150x150.png 150w\" sizes=\"auto, (max-width: 523px) 100vw, 523px\" \/>\t\t\t\t\t\t\t\t\t\t\t\t\t<\/div>\n\t\t\t\t<\/div>\n\t\t<div class=\"elementor-element elementor-element-89e11c3 e-con-full e-flex e-con e-child\" data-id=\"89e11c3\" data-element_type=\"container\">\n\t\t\t\t<div class=\"elementor-element elementor-element-ec691e7 elementor-widget__width-initial elementor-widget elementor-widget-text-editor\" data-id=\"ec691e7\" data-element_type=\"widget\" data-widget_type=\"text-editor.default\">\n\t\t\t\t<div class=\"elementor-widget-container\">\n\t\t\t\t\t\t\tF\u00fcr Kunden, Management und Technik \t\t\t\t\t\t<\/div>\n\t\t\t\t<\/div>\n\t\t<div class=\"elementor-element elementor-element-6d1f781 e-con-full e-flex e-con e-child\" data-id=\"6d1f781\" data-element_type=\"container\">\n\t\t\t\t<div class=\"elementor-element elementor-element-c4a27c8 elementor-widget elementor-widget-heading\" data-id=\"c4a27c8\" data-element_type=\"widget\" data-widget_type=\"heading.default\">\n\t\t\t\t<div class=\"elementor-widget-container\">\n\t\t\t<h2 class=\"elementor-heading-title elementor-size-default\">Professionelles Reporting f\u00fcr Ihre Kunden und Fachbereiche<\/h2>\t\t<\/div>\n\t\t\t\t<\/div>\n\t\t\t\t<div class=\"elementor-element elementor-element-8d1f904 elementor-widget elementor-widget-text-editor\" data-id=\"8d1f904\" data-element_type=\"widget\" data-widget_type=\"text-editor.default\">\n\t\t\t\t<div class=\"elementor-widget-container\">\n\t\t\t\t\t\t\tUnser Datenschutz-Report stellt alle relevanten Informationen verst\u00e4ndlich dar und ist \u00fcber Whitelabel-Funktionen an Ihr Branding anpassbar. Sie k\u00f6nnen Risiko-Bewertungen konfigurieren und Reports per Link oder Dateiexport teilen.\t\t\t\t\t\t<\/div>\n\t\t\t\t<\/div>\n\t\t\t\t<\/div>\n\t\t<div class=\"elementor-element elementor-element-65741c9 e-con-full e-flex e-con e-child\" data-id=\"65741c9\" data-element_type=\"container\">\n\t\t\t\t<div class=\"elementor-element elementor-element-bf82fee btn_border_white elementor-widget elementor-widget-button\" data-id=\"bf82fee\" data-element_type=\"widget\" data-widget_type=\"button.default\">\n\t\t\t\t<div class=\"elementor-widget-container\">\n\t\t\t\t\t\t\t\t<a class=\"elementor-button elementor-button-link elementor-size-sm\" href=\"https:\/\/calendly.com\/eckhard-schneider\/demo\/\">\n\t\t\t\t\t\t<span class=\"elementor-button-content-wrapper\">\n\t\t\t\t\t\t\t\t\t<span class=\"elementor-button-text\">Demo vereinbareb<\/span>\n\t\t\t\t\t<\/span>\n\t\t\t\t\t<\/a>\n\t\t\t\t\t\t<\/div>\n\t\t\t\t<\/div>\n\t\t\t\t<div class=\"elementor-element elementor-element-6e093b6 btn_border_blue utm_link_btn elementor-widget elementor-widget-button\" data-id=\"6e093b6\" data-element_type=\"widget\" data-widget_type=\"button.default\">\n\t\t\t\t<div class=\"elementor-widget-container\">\n\t\t\t\t\t\t\t\t<a class=\"elementor-button elementor-button-link elementor-size-sm\" href=\"https:\/\/app.decareto.de\/client\/signup\">\n\t\t\t\t\t\t<span class=\"elementor-button-content-wrapper\">\n\t\t\t\t\t\t<span class=\"elementor-button-icon\">\n\t\t\t\t<svg aria-hidden=\"true\" class=\"e-font-icon-svg e-fas-arrow-right\" viewBox=\"0 0 448 512\" xmlns=\"http:\/\/www.w3.org\/2000\/svg\"><path d=\"M190.5 66.9l22.2-22.2c9.4-9.4 24.6-9.4 33.9 0L441 239c9.4 9.4 9.4 24.6 0 33.9L246.6 467.3c-9.4 9.4-24.6 9.4-33.9 0l-22.2-22.2c-9.5-9.5-9.3-25 .4-34.3L311.4 296H24c-13.3 0-24-10.7-24-24v-32c0-13.3 10.7-24 24-24h287.4L190.9 101.2c-9.8-9.3-10-24.8-.4-34.3z\"><\/path><\/svg>\t\t\t<\/span>\n\t\t\t\t\t\t\t\t\t<span class=\"elementor-button-text\">Jetzt kostenlos testen<\/span>\n\t\t\t\t\t<\/span>\n\t\t\t\t\t<\/a>\n\t\t\t\t\t\t<\/div>\n\t\t\t\t<\/div>\n\t\t\t\t<\/div>\n\t\t\t\t<\/div>\n\t\t\t\t<\/div>\n\t\t<div class=\"elementor-element elementor-element-3472f31 e-grid e-con-full e-con e-child\" data-id=\"3472f31\" data-element_type=\"container\" data-settings=\"{&quot;background_background&quot;:&quot;classic&quot;}\">\n\t\t<div class=\"elementor-element elementor-element-04cb441 e-con-full e-flex e-con e-child\" data-id=\"04cb441\" data-element_type=\"container\">\n\t\t\t\t<div class=\"elementor-element elementor-element-8b44237 elementor-widget__width-initial elementor-widget elementor-widget-text-editor\" data-id=\"8b44237\" data-element_type=\"widget\" data-widget_type=\"text-editor.default\">\n\t\t\t\t<div class=\"elementor-widget-container\">\n\t\t\t\t\t\t\tEinzigartige Insights\t\t\t\t\t\t<\/div>\n\t\t\t\t<\/div>\n\t\t<div class=\"elementor-element elementor-element-3e83ad6 e-con-full e-flex e-con e-child\" data-id=\"3e83ad6\" data-element_type=\"container\">\n\t\t\t\t<div class=\"elementor-element elementor-element-cd059ef elementor-widget elementor-widget-heading\" data-id=\"cd059ef\" data-element_type=\"widget\" data-widget_type=\"heading.default\">\n\t\t\t\t<div class=\"elementor-widget-container\">\n\t\t\t<h2 class=\"elementor-heading-title elementor-size-default\">Einblick in Datenschutzverletzungen auch auf Unterseiten<\/h2>\t\t<\/div>\n\t\t\t\t<\/div>\n\t\t\t\t<div class=\"elementor-element elementor-element-a43ce6a elementor-widget elementor-widget-text-editor\" data-id=\"a43ce6a\" data-element_type=\"widget\" data-widget_type=\"text-editor.default\">\n\t\t\t\t<div class=\"elementor-widget-container\">\n\t\t\t\t\t\t\t<p>Datenschutz-Risiken k\u00f6nnen auch auf Unterseiten auftreten &#8211; unser Report identifiziert betroffene Stellen und zeigt, welche problematischen Dienste von anderen externen Inhalten eingeschleppt werden.<\/p>\t\t\t\t\t\t<\/div>\n\t\t\t\t<\/div>\n\t\t\t\t<\/div>\n\t\t<div class=\"elementor-element elementor-element-7f220c2 e-con-full e-flex e-con e-child\" data-id=\"7f220c2\" data-element_type=\"container\">\n\t\t\t\t<div class=\"elementor-element elementor-element-ecd2ae6 btn_border_white elementor-widget elementor-widget-button\" data-id=\"ecd2ae6\" data-element_type=\"widget\" data-widget_type=\"button.default\">\n\t\t\t\t<div class=\"elementor-widget-container\">\n\t\t\t\t\t\t\t\t<a class=\"elementor-button elementor-button-link elementor-size-sm\" href=\"https:\/\/calendly.com\/eckhard-schneider\/demo\/\">\n\t\t\t\t\t\t<span class=\"elementor-button-content-wrapper\">\n\t\t\t\t\t\t\t\t\t<span class=\"elementor-button-text\">Demo vereinbaren<\/span>\n\t\t\t\t\t<\/span>\n\t\t\t\t\t<\/a>\n\t\t\t\t\t\t<\/div>\n\t\t\t\t<\/div>\n\t\t\t\t<div class=\"elementor-element elementor-element-7516f7c btn_border_blue utm_link_btn elementor-widget elementor-widget-button\" data-id=\"7516f7c\" data-element_type=\"widget\" data-widget_type=\"button.default\">\n\t\t\t\t<div class=\"elementor-widget-container\">\n\t\t\t\t\t\t\t\t<a class=\"elementor-button elementor-button-link elementor-size-sm\" href=\"https:\/\/app.decareto.de\/client\/signup\">\n\t\t\t\t\t\t<span class=\"elementor-button-content-wrapper\">\n\t\t\t\t\t\t<span class=\"elementor-button-icon\">\n\t\t\t\t<svg aria-hidden=\"true\" class=\"e-font-icon-svg e-fas-arrow-right\" viewBox=\"0 0 448 512\" xmlns=\"http:\/\/www.w3.org\/2000\/svg\"><path d=\"M190.5 66.9l22.2-22.2c9.4-9.4 24.6-9.4 33.9 0L441 239c9.4 9.4 9.4 24.6 0 33.9L246.6 467.3c-9.4 9.4-24.6 9.4-33.9 0l-22.2-22.2c-9.5-9.5-9.3-25 .4-34.3L311.4 296H24c-13.3 0-24-10.7-24-24v-32c0-13.3 10.7-24 24-24h287.4L190.9 101.2c-9.8-9.3-10-24.8-.4-34.3z\"><\/path><\/svg>\t\t\t<\/span>\n\t\t\t\t\t\t\t\t\t<span class=\"elementor-button-text\">Jetzt kostenlos testen<\/span>\n\t\t\t\t\t<\/span>\n\t\t\t\t\t<\/a>\n\t\t\t\t\t\t<\/div>\n\t\t\t\t<\/div>\n\t\t\t\t<\/div>\n\t\t\t\t<\/div>\n\t\t\t\t<div class=\"elementor-element elementor-element-7043e9d elementor-widget elementor-widget-image\" data-id=\"7043e9d\" data-element_type=\"widget\" data-widget_type=\"image.default\">\n\t\t\t\t<div class=\"elementor-widget-container\">\n\t\t\t\t\t\t\t\t\t\t\t\t\t<img loading=\"lazy\" decoding=\"async\" width=\"523\" height=\"520\" src=\"https:\/\/decareto-test.qivoro.han-solo.net\/wp-content\/uploads\/2025\/04\/priv_4_de.png\" class=\"attachment-full size-full wp-image-3050\" alt=\"\" srcset=\"https:\/\/decareto-test.qivoro.han-solo.net\/wp-content\/uploads\/2025\/04\/priv_4_de.png 523w, https:\/\/decareto-test.qivoro.han-solo.net\/wp-content\/uploads\/2025\/04\/priv_4_de-300x298.png 300w, https:\/\/decareto-test.qivoro.han-solo.net\/wp-content\/uploads\/2025\/04\/priv_4_de-150x150.png 150w\" sizes=\"auto, (max-width: 523px) 100vw, 523px\" \/>\t\t\t\t\t\t\t\t\t\t\t\t\t<\/div>\n\t\t\t\t<\/div>\n\t\t\t\t<\/div>\n\t\t<div class=\"elementor-element elementor-element-a67d2b4 e-grid e-con-full e-con e-child\" data-id=\"a67d2b4\" data-element_type=\"container\" data-settings=\"{&quot;background_background&quot;:&quot;classic&quot;}\">\n\t\t\t\t<div class=\"elementor-element elementor-element-711cef4 elementor-widget elementor-widget-image\" data-id=\"711cef4\" data-element_type=\"widget\" data-widget_type=\"image.default\">\n\t\t\t\t<div class=\"elementor-widget-container\">\n\t\t\t\t\t\t\t\t\t\t\t\t\t<img loading=\"lazy\" decoding=\"async\" width=\"523\" height=\"520\" src=\"https:\/\/decareto-test.qivoro.han-solo.net\/wp-content\/uploads\/2025\/04\/priv_5_de.png\" class=\"attachment-full size-full wp-image-3046\" alt=\"\" srcset=\"https:\/\/decareto-test.qivoro.han-solo.net\/wp-content\/uploads\/2025\/04\/priv_5_de.png 523w, https:\/\/decareto-test.qivoro.han-solo.net\/wp-content\/uploads\/2025\/04\/priv_5_de-300x298.png 300w, https:\/\/decareto-test.qivoro.han-solo.net\/wp-content\/uploads\/2025\/04\/priv_5_de-150x150.png 150w\" sizes=\"auto, (max-width: 523px) 100vw, 523px\" \/>\t\t\t\t\t\t\t\t\t\t\t\t\t<\/div>\n\t\t\t\t<\/div>\n\t\t<div class=\"elementor-element elementor-element-e0a86a6 e-con-full e-flex e-con e-child\" data-id=\"e0a86a6\" data-element_type=\"container\">\n\t\t\t\t<div class=\"elementor-element elementor-element-369c334 elementor-widget__width-initial elementor-widget elementor-widget-text-editor\" data-id=\"369c334\" data-element_type=\"widget\" data-widget_type=\"text-editor.default\">\n\t\t\t\t<div class=\"elementor-widget-container\">\n\t\t\t\t\t\t\tKontrolle \u00fcber laufende Verbesserung\t\t\t\t\t\t<\/div>\n\t\t\t\t<\/div>\n\t\t<div class=\"elementor-element elementor-element-950dc28 e-con-full e-flex e-con e-child\" data-id=\"950dc28\" data-element_type=\"container\">\n\t\t\t\t<div class=\"elementor-element elementor-element-31e31f2 elementor-widget elementor-widget-heading\" data-id=\"31e31f2\" data-element_type=\"widget\" data-widget_type=\"heading.default\">\n\t\t\t\t<div class=\"elementor-widget-container\">\n\t\t\t<h2 class=\"elementor-heading-title elementor-size-default\">Nachverfolgen von \u00c4nderungen in der Report-Historie<\/h2>\t\t<\/div>\n\t\t\t\t<\/div>\n\t\t\t\t<div class=\"elementor-element elementor-element-57ef55e elementor-widget elementor-widget-text-editor\" data-id=\"57ef55e\" data-element_type=\"widget\" data-widget_type=\"text-editor.default\">\n\t\t\t\t<div class=\"elementor-widget-container\">\n\t\t\t\t\t\t\tAlle jemals erstellten Scans einer Web-site sind in der Historie einsehbar, durch die Vergleichsansicht k\u00f6nnen unkompliziert \u00c4nderungen im Zeitver-lauf erkannt werden, die das Compli-ance-Niveau beeinflusst haben.\t\t\t\t\t\t<\/div>\n\t\t\t\t<\/div>\n\t\t\t\t<\/div>\n\t\t<div class=\"elementor-element elementor-element-6bbd421 e-con-full e-flex e-con e-child\" data-id=\"6bbd421\" data-element_type=\"container\">\n\t\t\t\t<div class=\"elementor-element elementor-element-d11b73d btn_border_white elementor-widget elementor-widget-button\" data-id=\"d11b73d\" data-element_type=\"widget\" data-widget_type=\"button.default\">\n\t\t\t\t<div class=\"elementor-widget-container\">\n\t\t\t\t\t\t\t\t<a class=\"elementor-button elementor-button-link elementor-size-sm\" href=\"https:\/\/calendly.com\/eckhard-schneider\/demo\/\">\n\t\t\t\t\t\t<span class=\"elementor-button-content-wrapper\">\n\t\t\t\t\t\t\t\t\t<span class=\"elementor-button-text\">Demo vereinbaren<\/span>\n\t\t\t\t\t<\/span>\n\t\t\t\t\t<\/a>\n\t\t\t\t\t\t<\/div>\n\t\t\t\t<\/div>\n\t\t\t\t<div class=\"elementor-element elementor-element-eb636aa btn_border_blue utm_link_btn elementor-widget elementor-widget-button\" data-id=\"eb636aa\" data-element_type=\"widget\" data-widget_type=\"button.default\">\n\t\t\t\t<div class=\"elementor-widget-container\">\n\t\t\t\t\t\t\t\t<a class=\"elementor-button elementor-button-link elementor-size-sm\" href=\"https:\/\/app.decareto.de\/client\/signup\">\n\t\t\t\t\t\t<span class=\"elementor-button-content-wrapper\">\n\t\t\t\t\t\t<span class=\"elementor-button-icon\">\n\t\t\t\t<svg aria-hidden=\"true\" class=\"e-font-icon-svg e-fas-arrow-right\" viewBox=\"0 0 448 512\" xmlns=\"http:\/\/www.w3.org\/2000\/svg\"><path d=\"M190.5 66.9l22.2-22.2c9.4-9.4 24.6-9.4 33.9 0L441 239c9.4 9.4 9.4 24.6 0 33.9L246.6 467.3c-9.4 9.4-24.6 9.4-33.9 0l-22.2-22.2c-9.5-9.5-9.3-25 .4-34.3L311.4 296H24c-13.3 0-24-10.7-24-24v-32c0-13.3 10.7-24 24-24h287.4L190.9 101.2c-9.8-9.3-10-24.8-.4-34.3z\"><\/path><\/svg>\t\t\t<\/span>\n\t\t\t\t\t\t\t\t\t<span class=\"elementor-button-text\">Jetzt kostenlos testen<\/span>\n\t\t\t\t\t<\/span>\n\t\t\t\t\t<\/a>\n\t\t\t\t\t\t<\/div>\n\t\t\t\t<\/div>\n\t\t\t\t<\/div>\n\t\t\t\t<\/div>\n\t\t\t\t<\/div>\n\t\t\t\t\t<\/div>\n\t\t\t\t<\/div>\n\t\t\t\t<\/main>\n\t\t\t\t<\/div>\n\t\t","protected":false},"excerpt":{"rendered":"<p>Website Datenschutz Check Datenschutz-Risiken managen mit dem decareto DSGVO-Scanner Automatisierungsl\u00f6sung Erkennung und Bewertung aller Datenverarbeitungen auf Websites &#8211; vollautomatisch Mit unserer laufend erweiterten Daten-bank erkennt decareto Tausende von externen Diensten und Cookies, und bewertet sie bez\u00fcglich Rechtsgrundlage, Notwendigkeit und Datenverarbeitung im Ausland Demo vereinbaren Jetzt kostenlos testen F\u00fcr Kunden, Management und Technik Professionelles Reporting f\u00fcr [&hellip;]<\/p>\n","protected":false},"author":1,"featured_media":0,"parent":0,"menu_order":0,"comment_status":"closed","ping_status":"closed","template":"elementor_header_footer","meta":{"_acf_changed":false,"_seopress_robots_primary_cat":"","_seopress_titles_title":"decareto | DSGVO Website-Check","_seopress_titles_desc":"Der decareto DSGVO-Scanner \u00fcberpr\u00fcft Websites vollautomatisch auf Datenschutz-L\u00fccken","_seopress_robots_index":"","footnotes":""},"class_list":["post-3085","page","type-page","status-publish","hentry"],"acf":[],"_links":{"self":[{"href":"https:\/\/decareto-test.qivoro.han-solo.net\/de\/wp-json\/wp\/v2\/pages\/3085","targetHints":{"allow":["GET"]}}],"collection":[{"href":"https:\/\/decareto-test.qivoro.han-solo.net\/de\/wp-json\/wp\/v2\/pages"}],"about":[{"href":"https:\/\/decareto-test.qivoro.han-solo.net\/de\/wp-json\/wp\/v2\/types\/page"}],"author":[{"embeddable":true,"href":"https:\/\/decareto-test.qivoro.han-solo.net\/de\/wp-json\/wp\/v2\/users\/1"}],"replies":[{"embeddable":true,"href":"https:\/\/decareto-test.qivoro.han-solo.net\/de\/wp-json\/wp\/v2\/comments?post=3085"}],"version-history":[{"count":7,"href":"https:\/\/decareto-test.qivoro.han-solo.net\/de\/wp-json\/wp\/v2\/pages\/3085\/revisions"}],"predecessor-version":[{"id":3094,"href":"https:\/\/decareto-test.qivoro.han-solo.net\/de\/wp-json\/wp\/v2\/pages\/3085\/revisions\/3094"}],"wp:attachment":[{"href":"https:\/\/decareto-test.qivoro.han-solo.net\/de\/wp-json\/wp\/v2\/media?parent=3085"}],"curies":[{"name":"wp","href":"https:\/\/api.w.org\/{rel}","templated":true}]}}