{"id":694,"date":"2024-10-25T14:01:08","date_gmt":"2024-10-25T14:01:08","guid":{"rendered":"https:\/\/decareto-test.qivoro.han-solo.net\/?page_id=694"},"modified":"2025-03-19T11:11:41","modified_gmt":"2025-03-19T11:11:41","slug":"ebook","status":"publish","type":"page","link":"https:\/\/decareto-test.qivoro.han-solo.net\/de\/ebook\/","title":{"rendered":"E-book"},"content":{"rendered":"\t\t<div data-elementor-type=\"wp-page\" data-elementor-id=\"694\" class=\"elementor elementor-694\" data-elementor-post-type=\"page\">\n\t\t\t\t<main class=\"elementor-element elementor-element-535a6de hero_gradient e-flex e-con-boxed e-con e-parent\" data-id=\"535a6de\" data-element_type=\"container\">\n\t\t\t\t\t<div class=\"e-con-inner\">\n\t\t<div class=\"elementor-element elementor-element-5793a05 e-grid e-con-full e-con e-child\" data-id=\"5793a05\" data-element_type=\"container\">\n\t\t<div class=\"elementor-element elementor-element-ec7b842 e-con-full e-flex e-con e-child\" data-id=\"ec7b842\" data-element_type=\"container\">\n\t\t\t\t<div class=\"elementor-element elementor-element-8d8dac6 elementor-widget__width-initial elementor-widget elementor-widget-text-editor\" data-id=\"8d8dac6\" data-element_type=\"widget\" data-widget_type=\"text-editor.default\">\n\t\t\t\t<div class=\"elementor-widget-container\">\n\t\t\t\t\t\t\tIhr kompletter Datenschutz-Technik-Guide\t\t\t\t\t\t<\/div>\n\t\t\t\t<\/div>\n\t\t\t\t<div class=\"elementor-element elementor-element-91a365e elementor-widget elementor-widget-heading\" data-id=\"91a365e\" data-element_type=\"widget\" data-widget_type=\"heading.default\">\n\t\t\t\t<div class=\"elementor-widget-container\">\n\t\t\t<h1 class=\"elementor-heading-title elementor-size-default\">Datenschutzl\u00fccken auf Websites zuverl\u00e4ssig identifizieren<\/h1>\t\t<\/div>\n\t\t\t\t<\/div>\n\t\t\t\t<div class=\"elementor-element elementor-element-23f06c7 elementor-widget elementor-widget-text-editor\" data-id=\"23f06c7\" data-element_type=\"widget\" data-widget_type=\"text-editor.default\">\n\t\t\t\t<div class=\"elementor-widget-container\">\n\t\t\t\t\t\t\t<p>Datenschutzl\u00fccken auf Websites k\u00f6nnen schnell zu teuren Abmahnungen und Bu\u00dfgeldern f\u00fchren. Und leider ist die Identifizierung von DSGVO-Verst\u00f6\u00dfen kompliziert.<\/p><p>Es sei denn, Sie verf\u00fcgen \u00fcber unseren Datenschutz-Technik-Guide!<\/p><p>Sichern Sie sich jetzt dieses Kompendium f\u00fcr 0,\u2013 Euro! Und damit wertvolles Know-how, mit dem Sie das Abmahnrisiko f\u00fcr Ihre Kunden minimieren.<\/p>\t\t\t\t\t\t<\/div>\n\t\t\t\t<\/div>\n\t\t\t\t<div class=\"elementor-element elementor-element-b934241 elementor-widget elementor-widget-html\" data-id=\"b934241\" data-element_type=\"widget\" data-widget_type=\"html.default\">\n\t\t\t\t<div class=\"elementor-widget-container\">\n\t\t\t<div id=\"form-284219-wrapper\">\r\n\t<form class=\"newsletter-form\" id=\"ktv2-form-284219\" accept-charset=\"UTF-8\" method=\"post\" action=\"https:\/\/app.klicktipp.com\/api\/subscriber\/signin.html\" >\r\n\t\t<input type=\"hidden\" id=\"FormField_ApiKey\" name=\"apikey\" value=\"6m3xzi4tcz8z7c1d\" \/>\r\n\t\t<input type=\"hidden\" id=\"FormField_ApiKey\" name=\"apikey\" value=\"6m0jzi4tcz8zf4b7\"\/>\r\n\t\t\r\n\t\t<input type=\"hidden\" id=\"FormField_Digit\" name=\"fields[fieldDigit]\" value=\"\" \/>\r\n\t\t\r\n\t\t<div class=\"ktv2-form-element\">\r\n\t\t\t<input class=\"newsletter-input field\" type=\"text\" id=\"FormField_FirstName\" name=\"fields[fieldFirstName]\" value=\"\" placeholder=\"Vorname\" \/>\r\n    \t<\/div>\r\n\t\t\r\n\t\t<div class=\"ktv2-form-element\">\r\n\t\t\t<input class=\"newsletter-input field\" type=\"text\" id=\"FormField_EmailAddress\" name=\"email\" value=\"\" size=\"40\" required placeholder=\"E-Mail-Adresse\" \/>\r\n\t\t<\/div>\r\n\t\t\r\n\t\t<div class=\"ktv2-form-dsgvocheckbox newsletter-input\">\r\n\t\t\t<input type=\"checkbox\" id=\"DSGVOCheckbox\" name=\"fields[DSGVOCheckbox]\" class=\"ktv2-dsgvo-checkbox\"\/>\r\n\t\t\t<label for=\"DSGVOCheckbox\">\r\n\t\t\t\t<span style=\"font-size:14px; color:#000000;\">\r\n\t\t\t\t\tJa, ich m\u00f6chte per E-Mail aktuelle Informationen zu Produkten, Inhalten und Events von \r\n\t\t\t\t\tdecareto erhalten. Ich willige ein, dass meine Daten und meine E-Mail zu Marketingzwecken, \r\n\t\t\t\t\tf\u00fcr die Auswertung des Erfolgs von Marketingkampagnen und f\u00fcr die Dokumentation meiner \r\n\t\t\t\t\tEinwilligung genutzt werden.\r\n\t\t\t\t\tDiese Einwilligung k\u00f6nnen Sie jederzeit mit Wirkung f\u00fcr die Zukunft per E-Mail an \r\n\t\t\t\t\tdatenschutz@decareto.de oder direkt am Ende einer E-Mail widerrufen. \r\n\t\t\t\t\tWeitere Informationen finden Sie in unserer \r\n\t\t\t\t\t<a href=\"https:\/\/decareto-test.qivoro.han-solo.net\/de\/datenschutz\/\" target=\"_blank\">\r\n\t\t\t\t\tDatenschutzerkl\u00e4rung.\r\n\t\t\t\t\t<\/a>\r\n\t\t\t\t<\/span>\r\n\t\t\t<\/label>\r\n\t\t<\/div>\r\n\r\n\t\t<div style=\"display:flex;>\">\r\n\t\t    <div class=\"btn_border_blue\">\r\n\t\t        <input type=\"submit\" id=\"FormSubmit\" name=\"FormSubmit\" value=\"E-Book jetzt herunterladen\" class=\"my-button\"\/>\r\n\t\t    <\/div>\r\n\t\t<\/div>\r\n\t<\/form>\r\n<\/div>\r\n\r\n<style>\r\n.my-button{\r\n    color: white;\r\n    background-color: var(--e-global-color-ad5fc06);\r\n    font-family: \"Lato Local\", Sans-serif;\r\n    font-size: 14px;\r\n    font-weight: 700;\r\n    line-height: 22px;\r\n    letter-spacing: -0.2px;\r\n    border-style: none;\r\n    border-radius: 10px 10px 10px 10px;\r\n    padding: 9px 16px 9px 16px;\r\n}\r\n\r\n.my-button:hover {\r\n\tbackground-color: transparent;\r\n}\r\n\r\n.my-button[disabled]:hover {\r\n\tcursor: not-allowed;\r\n\ttransform: none;\r\n}\r\n\r\n.newsletter-input {\r\n\twidth: 100%;\r\n\tmargin: 0px 0px 10px 0px;\r\n\tpadding: 10px;\r\n\tdisplay: flex;\r\n    align-items: flex-start;\r\n    column-gap: 10px;\r\n    font-weight: 500;\r\n}\r\n\r\n.newsletter-input.field{\r\n\tborder: 2px solid #01112712;\r\n}\r\n\r\n.newsletter-input.field:focus-visible{\r\n     outline: #25a7ff33 auto 2px;\r\n     border-color: #25a7ff33;\r\n}\r\n\r\n.newsletter-input a{\r\n    color:var( --e-global-color-ad5fc06 );\r\n}\r\n\r\n.newsletter-form {\r\n\ttext-align: left;\r\n}    \r\n<\/style>\r\n\r\n<script>\r\n\/\/ get the checkbox and submit button elements\r\nlet checkbox = document.getElementById(\"DSGVOCheckbox\");\r\nlet submitBtn = document.getElementById(\"FormSubmit\");\r\n\r\n\/\/ get the input elements\r\nlet firstNameInput = document.getElementById(\"FormField_FirstName\");\r\nlet emailInput = document.getElementById(\"FormField_EmailAddress\");\r\n\r\n\/\/initially the submitBtn should be disabled:\r\nsubmitBtn.disabled = true;\r\n\r\n\/\/ define a function to check all the conditions and update the submit button's disabled status\r\nfunction updateSubmitBtnDisabledStatus() {\r\n  if (\r\n    firstNameInput.value.trim() !== \"\" &&\r\n    emailInput.value.trim() !== \"\" &&\r\n    checkbox.checked\r\n  ) {\r\n    submitBtn.disabled = false;\r\n  } else {\r\n    submitBtn.disabled = true;\r\n  }\r\n}\r\n\r\n\r\n\/\/ add an event listener to the checkbox to toggle the submit button's disabled state\r\ncheckbox.addEventListener(\"change\", updateSubmitBtnDisabledStatus);\r\n\r\n\/\/ add event listeners to the input elements to update the submit button's disabled state when their values change\r\nfirstNameInput.addEventListener(\"input\", updateSubmitBtnDisabledStatus);\r\nemailInput.addEventListener(\"input\", updateSubmitBtnDisabledStatus);    \r\n<\/script>\t\t<\/div>\n\t\t\t\t<\/div>\n\t\t\t\t<div class=\"elementor-element elementor-element-f10015f elementor-widget elementor-widget-text-editor\" data-id=\"f10015f\" data-element_type=\"widget\" data-widget_type=\"text-editor.default\">\n\t\t\t\t<div class=\"elementor-widget-container\">\n\t\t\t\t\t\t\tDer Datenschutz-Technik-Guide zeigt Ihnen auf \u00fcber 70 Seiten anschaulich und verst\u00e4ndlich, wie Sie\t\t\t\t\t\t<\/div>\n\t\t\t\t<\/div>\n\t\t\t\t<div class=\"elementor-element elementor-element-18d270e elementor-align-left elementor-icon-list--layout-traditional elementor-list-item-link-full_width elementor-widget elementor-widget-icon-list\" data-id=\"18d270e\" data-element_type=\"widget\" data-widget_type=\"icon-list.default\">\n\t\t\t\t<div class=\"elementor-widget-container\">\n\t\t\t\t\t<ul class=\"elementor-icon-list-items\">\n\t\t\t\t\t\t\t<li class=\"elementor-icon-list-item\">\n\t\t\t\t\t\t\t\t\t\t\t<span class=\"elementor-icon-list-icon\">\n\t\t\t\t\t\t\t<svg xmlns=\"http:\/\/www.w3.org\/2000\/svg\" width=\"20\" height=\"20\" viewBox=\"0 0 20 20\" fill=\"none\"><path d=\"M0.5 10C0.5 4.7533 4.7533 0.5 10 0.5C15.2467 0.5 19.5 4.7533 19.5 10C19.5 15.2467 15.2467 19.5 10 19.5C4.7533 19.5 0.5 15.2467 0.5 10Z\" fill=\"url(#paint0_linear_2168_445)\"><\/path><path d=\"M0.5 10C0.5 4.7533 4.7533 0.5 10 0.5C15.2467 0.5 19.5 4.7533 19.5 10C19.5 15.2467 15.2467 19.5 10 19.5C4.7533 19.5 0.5 15.2467 0.5 10Z\" stroke=\"url(#paint1_linear_2168_445)\"><\/path><path d=\"M6.25 10.75L8.5 13L13.75 7.75\" stroke=\"white\" stroke-linecap=\"round\" stroke-linejoin=\"round\"><\/path><defs><linearGradient id=\"paint0_linear_2168_445\" x1=\"9.58333\" y1=\"21.3158\" x2=\"9.58334\" y2=\"-1.31579\" gradientUnits=\"userSpaceOnUse\"><stop stop-color=\"#25A7FF\"><\/stop><stop offset=\"1\" stop-color=\"#52B9FF\"><\/stop><\/linearGradient><linearGradient id=\"paint1_linear_2168_445\" x1=\"-1.48148\" y1=\"25\" x2=\"20.1981\" y2=\"24.708\" gradientUnits=\"userSpaceOnUse\"><stop offset=\"0.0885124\" stop-color=\"#30ACFF\"><\/stop><stop offset=\"0.516867\" stop-color=\"#C5E5F1\"><\/stop><stop offset=\"1\" stop-color=\"#31AAFF\"><\/stop><\/linearGradient><\/defs><\/svg>\t\t\t\t\t\t<\/span>\n\t\t\t\t\t\t\t\t\t\t<span class=\"elementor-icon-list-text\">die Browser-Entwickler-Tools nutzen, um Datenschutzl\u00fccken aufsp\u00fcren.<\/span>\n\t\t\t\t\t\t\t\t\t<\/li>\n\t\t\t\t\t\t\t\t<li class=\"elementor-icon-list-item\">\n\t\t\t\t\t\t\t\t\t\t\t<span class=\"elementor-icon-list-icon\">\n\t\t\t\t\t\t\t<svg xmlns=\"http:\/\/www.w3.org\/2000\/svg\" width=\"20\" height=\"20\" viewBox=\"0 0 20 20\" fill=\"none\"><path d=\"M0.5 10C0.5 4.7533 4.7533 0.5 10 0.5C15.2467 0.5 19.5 4.7533 19.5 10C19.5 15.2467 15.2467 19.5 10 19.5C4.7533 19.5 0.5 15.2467 0.5 10Z\" fill=\"url(#paint0_linear_2168_445)\"><\/path><path d=\"M0.5 10C0.5 4.7533 4.7533 0.5 10 0.5C15.2467 0.5 19.5 4.7533 19.5 10C19.5 15.2467 15.2467 19.5 10 19.5C4.7533 19.5 0.5 15.2467 0.5 10Z\" stroke=\"url(#paint1_linear_2168_445)\"><\/path><path d=\"M6.25 10.75L8.5 13L13.75 7.75\" stroke=\"white\" stroke-linecap=\"round\" stroke-linejoin=\"round\"><\/path><defs><linearGradient id=\"paint0_linear_2168_445\" x1=\"9.58333\" y1=\"21.3158\" x2=\"9.58334\" y2=\"-1.31579\" gradientUnits=\"userSpaceOnUse\"><stop stop-color=\"#25A7FF\"><\/stop><stop offset=\"1\" stop-color=\"#52B9FF\"><\/stop><\/linearGradient><linearGradient id=\"paint1_linear_2168_445\" x1=\"-1.48148\" y1=\"25\" x2=\"20.1981\" y2=\"24.708\" gradientUnits=\"userSpaceOnUse\"><stop offset=\"0.0885124\" stop-color=\"#30ACFF\"><\/stop><stop offset=\"0.516867\" stop-color=\"#C5E5F1\"><\/stop><stop offset=\"1\" stop-color=\"#31AAFF\"><\/stop><\/linearGradient><\/defs><\/svg>\t\t\t\t\t\t<\/span>\n\t\t\t\t\t\t\t\t\t\t<span class=\"elementor-icon-list-text\">externe Dienste auf einer Website identifizieren.<\/span>\n\t\t\t\t\t\t\t\t\t<\/li>\n\t\t\t\t\t\t\t\t<li class=\"elementor-icon-list-item\">\n\t\t\t\t\t\t\t\t\t\t\t<span class=\"elementor-icon-list-icon\">\n\t\t\t\t\t\t\t<svg xmlns=\"http:\/\/www.w3.org\/2000\/svg\" width=\"20\" height=\"20\" viewBox=\"0 0 20 20\" fill=\"none\"><path d=\"M0.5 10C0.5 4.7533 4.7533 0.5 10 0.5C15.2467 0.5 19.5 4.7533 19.5 10C19.5 15.2467 15.2467 19.5 10 19.5C4.7533 19.5 0.5 15.2467 0.5 10Z\" fill=\"url(#paint0_linear_2168_445)\"><\/path><path d=\"M0.5 10C0.5 4.7533 4.7533 0.5 10 0.5C15.2467 0.5 19.5 4.7533 19.5 10C19.5 15.2467 15.2467 19.5 10 19.5C4.7533 19.5 0.5 15.2467 0.5 10Z\" stroke=\"url(#paint1_linear_2168_445)\"><\/path><path d=\"M6.25 10.75L8.5 13L13.75 7.75\" stroke=\"white\" stroke-linecap=\"round\" stroke-linejoin=\"round\"><\/path><defs><linearGradient id=\"paint0_linear_2168_445\" x1=\"9.58333\" y1=\"21.3158\" x2=\"9.58334\" y2=\"-1.31579\" gradientUnits=\"userSpaceOnUse\"><stop stop-color=\"#25A7FF\"><\/stop><stop offset=\"1\" stop-color=\"#52B9FF\"><\/stop><\/linearGradient><linearGradient id=\"paint1_linear_2168_445\" x1=\"-1.48148\" y1=\"25\" x2=\"20.1981\" y2=\"24.708\" gradientUnits=\"userSpaceOnUse\"><stop offset=\"0.0885124\" stop-color=\"#30ACFF\"><\/stop><stop offset=\"0.516867\" stop-color=\"#C5E5F1\"><\/stop><stop offset=\"1\" stop-color=\"#31AAFF\"><\/stop><\/linearGradient><\/defs><\/svg>\t\t\t\t\t\t<\/span>\n\t\t\t\t\t\t\t\t\t\t<span class=\"elementor-icon-list-text\">technisch nicht notwendige Cookies erkennen.<\/span>\n\t\t\t\t\t\t\t\t\t<\/li>\n\t\t\t\t\t\t\t\t<li class=\"elementor-icon-list-item\">\n\t\t\t\t\t\t\t\t\t\t\t<span class=\"elementor-icon-list-icon\">\n\t\t\t\t\t\t\t<svg xmlns=\"http:\/\/www.w3.org\/2000\/svg\" width=\"20\" height=\"20\" viewBox=\"0 0 20 20\" fill=\"none\"><path d=\"M0.5 10C0.5 4.7533 4.7533 0.5 10 0.5C15.2467 0.5 19.5 4.7533 19.5 10C19.5 15.2467 15.2467 19.5 10 19.5C4.7533 19.5 0.5 15.2467 0.5 10Z\" fill=\"url(#paint0_linear_2168_445)\"><\/path><path d=\"M0.5 10C0.5 4.7533 4.7533 0.5 10 0.5C15.2467 0.5 19.5 4.7533 19.5 10C19.5 15.2467 15.2467 19.5 10 19.5C4.7533 19.5 0.5 15.2467 0.5 10Z\" stroke=\"url(#paint1_linear_2168_445)\"><\/path><path d=\"M6.25 10.75L8.5 13L13.75 7.75\" stroke=\"white\" stroke-linecap=\"round\" stroke-linejoin=\"round\"><\/path><defs><linearGradient id=\"paint0_linear_2168_445\" x1=\"9.58333\" y1=\"21.3158\" x2=\"9.58334\" y2=\"-1.31579\" gradientUnits=\"userSpaceOnUse\"><stop stop-color=\"#25A7FF\"><\/stop><stop offset=\"1\" stop-color=\"#52B9FF\"><\/stop><\/linearGradient><linearGradient id=\"paint1_linear_2168_445\" x1=\"-1.48148\" y1=\"25\" x2=\"20.1981\" y2=\"24.708\" gradientUnits=\"userSpaceOnUse\"><stop offset=\"0.0885124\" stop-color=\"#30ACFF\"><\/stop><stop offset=\"0.516867\" stop-color=\"#C5E5F1\"><\/stop><stop offset=\"1\" stop-color=\"#31AAFF\"><\/stop><\/linearGradient><\/defs><\/svg>\t\t\t\t\t\t<\/span>\n\t\t\t\t\t\t\t\t\t\t<span class=\"elementor-icon-list-text\">zweifelsfrei feststellen, ob das \u201eConsent-Banner\u201c der Website zur Pr\u00fcfung der Einwilligung wirklich funktioniert.<\/span>\n\t\t\t\t\t\t\t\t\t<\/li>\n\t\t\t\t\t\t\t\t<li class=\"elementor-icon-list-item\">\n\t\t\t\t\t\t\t\t\t\t\t<span class=\"elementor-icon-list-icon\">\n\t\t\t\t\t\t\t<svg xmlns=\"http:\/\/www.w3.org\/2000\/svg\" width=\"20\" height=\"20\" viewBox=\"0 0 20 20\" fill=\"none\"><path d=\"M0.5 10C0.5 4.7533 4.7533 0.5 10 0.5C15.2467 0.5 19.5 4.7533 19.5 10C19.5 15.2467 15.2467 19.5 10 19.5C4.7533 19.5 0.5 15.2467 0.5 10Z\" fill=\"url(#paint0_linear_2168_445)\"><\/path><path d=\"M0.5 10C0.5 4.7533 4.7533 0.5 10 0.5C15.2467 0.5 19.5 4.7533 19.5 10C19.5 15.2467 15.2467 19.5 10 19.5C4.7533 19.5 0.5 15.2467 0.5 10Z\" stroke=\"url(#paint1_linear_2168_445)\"><\/path><path d=\"M6.25 10.75L8.5 13L13.75 7.75\" stroke=\"white\" stroke-linecap=\"round\" stroke-linejoin=\"round\"><\/path><defs><linearGradient id=\"paint0_linear_2168_445\" x1=\"9.58333\" y1=\"21.3158\" x2=\"9.58334\" y2=\"-1.31579\" gradientUnits=\"userSpaceOnUse\"><stop stop-color=\"#25A7FF\"><\/stop><stop offset=\"1\" stop-color=\"#52B9FF\"><\/stop><\/linearGradient><linearGradient id=\"paint1_linear_2168_445\" x1=\"-1.48148\" y1=\"25\" x2=\"20.1981\" y2=\"24.708\" gradientUnits=\"userSpaceOnUse\"><stop offset=\"0.0885124\" stop-color=\"#30ACFF\"><\/stop><stop offset=\"0.516867\" stop-color=\"#C5E5F1\"><\/stop><stop offset=\"1\" stop-color=\"#31AAFF\"><\/stop><\/linearGradient><\/defs><\/svg>\t\t\t\t\t\t<\/span>\n\t\t\t\t\t\t\t\t\t\t<span class=\"elementor-icon-list-text\">herausfinden, ob die Website Google Fonts verwendet.<\/span>\n\t\t\t\t\t\t\t\t\t<\/li>\n\t\t\t\t\t\t\t\t<li class=\"elementor-icon-list-item\">\n\t\t\t\t\t\t\t\t\t\t\t<span class=\"elementor-icon-list-icon\">\n\t\t\t\t\t\t\t<svg xmlns=\"http:\/\/www.w3.org\/2000\/svg\" width=\"20\" height=\"20\" viewBox=\"0 0 20 20\" fill=\"none\"><path d=\"M0.5 10C0.5 4.7533 4.7533 0.5 10 0.5C15.2467 0.5 19.5 4.7533 19.5 10C19.5 15.2467 15.2467 19.5 10 19.5C4.7533 19.5 0.5 15.2467 0.5 10Z\" fill=\"url(#paint0_linear_2168_445)\"><\/path><path d=\"M0.5 10C0.5 4.7533 4.7533 0.5 10 0.5C15.2467 0.5 19.5 4.7533 19.5 10C19.5 15.2467 15.2467 19.5 10 19.5C4.7533 19.5 0.5 15.2467 0.5 10Z\" stroke=\"url(#paint1_linear_2168_445)\"><\/path><path d=\"M6.25 10.75L8.5 13L13.75 7.75\" stroke=\"white\" stroke-linecap=\"round\" stroke-linejoin=\"round\"><\/path><defs><linearGradient id=\"paint0_linear_2168_445\" x1=\"9.58333\" y1=\"21.3158\" x2=\"9.58334\" y2=\"-1.31579\" gradientUnits=\"userSpaceOnUse\"><stop stop-color=\"#25A7FF\"><\/stop><stop offset=\"1\" stop-color=\"#52B9FF\"><\/stop><\/linearGradient><linearGradient id=\"paint1_linear_2168_445\" x1=\"-1.48148\" y1=\"25\" x2=\"20.1981\" y2=\"24.708\" gradientUnits=\"userSpaceOnUse\"><stop offset=\"0.0885124\" stop-color=\"#30ACFF\"><\/stop><stop offset=\"0.516867\" stop-color=\"#C5E5F1\"><\/stop><stop offset=\"1\" stop-color=\"#31AAFF\"><\/stop><\/linearGradient><\/defs><\/svg>\t\t\t\t\t\t<\/span>\n\t\t\t\t\t\t\t\t\t\t<span class=\"elementor-icon-list-text\">die Server-Verschl\u00fcsselung untersuchen.<\/span>\n\t\t\t\t\t\t\t\t\t<\/li>\n\t\t\t\t\t\t\t\t<li class=\"elementor-icon-list-item\">\n\t\t\t\t\t\t\t\t\t\t\t<span class=\"elementor-icon-list-icon\">\n\t\t\t\t\t\t\t<svg xmlns=\"http:\/\/www.w3.org\/2000\/svg\" width=\"20\" height=\"20\" viewBox=\"0 0 20 20\" fill=\"none\"><path d=\"M0.5 10C0.5 4.7533 4.7533 0.5 10 0.5C15.2467 0.5 19.5 4.7533 19.5 10C19.5 15.2467 15.2467 19.5 10 19.5C4.7533 19.5 0.5 15.2467 0.5 10Z\" fill=\"url(#paint0_linear_2168_445)\"><\/path><path d=\"M0.5 10C0.5 4.7533 4.7533 0.5 10 0.5C15.2467 0.5 19.5 4.7533 19.5 10C19.5 15.2467 15.2467 19.5 10 19.5C4.7533 19.5 0.5 15.2467 0.5 10Z\" stroke=\"url(#paint1_linear_2168_445)\"><\/path><path d=\"M6.25 10.75L8.5 13L13.75 7.75\" stroke=\"white\" stroke-linecap=\"round\" stroke-linejoin=\"round\"><\/path><defs><linearGradient id=\"paint0_linear_2168_445\" x1=\"9.58333\" y1=\"21.3158\" x2=\"9.58334\" y2=\"-1.31579\" gradientUnits=\"userSpaceOnUse\"><stop stop-color=\"#25A7FF\"><\/stop><stop offset=\"1\" stop-color=\"#52B9FF\"><\/stop><\/linearGradient><linearGradient id=\"paint1_linear_2168_445\" x1=\"-1.48148\" y1=\"25\" x2=\"20.1981\" y2=\"24.708\" gradientUnits=\"userSpaceOnUse\"><stop offset=\"0.0885124\" stop-color=\"#30ACFF\"><\/stop><stop offset=\"0.516867\" stop-color=\"#C5E5F1\"><\/stop><stop offset=\"1\" stop-color=\"#31AAFF\"><\/stop><\/linearGradient><\/defs><\/svg>\t\t\t\t\t\t<\/span>\n\t\t\t\t\t\t\t\t\t\t<span class=\"elementor-icon-list-text\">einfach pr\u00fcfen, ob eine Website Daten in unsichere Drittstaaten \u00fcbertr\u00e4gt.<\/span>\n\t\t\t\t\t\t\t\t\t<\/li>\n\t\t\t\t\t\t<\/ul>\n\t\t\t\t<\/div>\n\t\t\t\t<\/div>\n\t\t\t\t<\/div>\n\t\t<div class=\"elementor-element elementor-element-5a9f578 e-con-full e-flex e-con e-child\" data-id=\"5a9f578\" data-element_type=\"container\" data-settings=\"{&quot;sticky&quot;:&quot;top&quot;,&quot;sticky_offset&quot;:150,&quot;sticky_parent&quot;:&quot;yes&quot;,&quot;sticky_on&quot;:[&quot;desktop&quot;,&quot;laptop&quot;],&quot;sticky_effects_offset&quot;:0,&quot;sticky_anchor_link_offset&quot;:0}\">\n\t\t\t\t<div class=\"elementor-element elementor-element-1c5a9bf elementor-widget elementor-widget-image\" data-id=\"1c5a9bf\" data-element_type=\"widget\" data-widget_type=\"image.default\">\n\t\t\t\t<div class=\"elementor-widget-container\">\n\t\t\t\t\t\t\t\t\t\t\t\t\t<img loading=\"lazy\" decoding=\"async\" width=\"757\" height=\"1024\" src=\"https:\/\/decareto-test.qivoro.han-solo.net\/wp-content\/uploads\/2025\/01\/ebook-min-1-757x1024.png\" class=\"attachment-large size-large wp-image-2733\" alt=\"\" srcset=\"https:\/\/decareto-test.qivoro.han-solo.net\/wp-content\/uploads\/2025\/01\/ebook-min-1-757x1024.png 757w, https:\/\/decareto-test.qivoro.han-solo.net\/wp-content\/uploads\/2025\/01\/ebook-min-1-222x300.png 222w, https:\/\/decareto-test.qivoro.han-solo.net\/wp-content\/uploads\/2025\/01\/ebook-min-1-768x1039.png 768w, https:\/\/decareto-test.qivoro.han-solo.net\/wp-content\/uploads\/2025\/01\/ebook-min-1-1135x1536.png 1135w, https:\/\/decareto-test.qivoro.han-solo.net\/wp-content\/uploads\/2025\/01\/ebook-min-1-1514x2048.png 1514w, https:\/\/decareto-test.qivoro.han-solo.net\/wp-content\/uploads\/2025\/01\/ebook-min-1.png 1600w\" sizes=\"auto, (max-width: 757px) 100vw, 757px\" \/>\t\t\t\t\t\t\t\t\t\t\t\t\t<\/div>\n\t\t\t\t<\/div>\n\t\t\t\t<\/div>\n\t\t\t\t<\/div>\n\t\t\t\t\t<\/div>\n\t\t\t\t<\/main>\n\t\t\t\t<\/div>\n\t\t","protected":false},"excerpt":{"rendered":"<p>Ihr kompletter Datenschutz-Technik-Guide Datenschutzl\u00fccken auf Websites zuverl\u00e4ssig identifizieren Datenschutzl\u00fccken auf Websites k\u00f6nnen schnell zu teuren Abmahnungen und Bu\u00dfgeldern f\u00fchren. Und leider ist die Identifizierung von DSGVO-Verst\u00f6\u00dfen kompliziert. Es sei denn, Sie verf\u00fcgen \u00fcber unseren Datenschutz-Technik-Guide! Sichern Sie sich jetzt dieses Kompendium f\u00fcr 0,\u2013 Euro! Und damit wertvolles Know-how, mit dem Sie das Abmahnrisiko f\u00fcr Ihre [&hellip;]<\/p>\n","protected":false},"author":1,"featured_media":0,"parent":0,"menu_order":0,"comment_status":"closed","ping_status":"closed","template":"elementor_header_footer","meta":{"_acf_changed":false,"_seopress_robots_primary_cat":"","_seopress_titles_title":"Free E-Book: Privacy Engineering Guide | decareto","_seopress_titles_desc":"Our free 70-page e-book contains many practical tips for checking websites for data protection compliance","_seopress_robots_index":"","footnotes":""},"class_list":["post-694","page","type-page","status-publish","hentry"],"acf":[],"_links":{"self":[{"href":"https:\/\/decareto-test.qivoro.han-solo.net\/de\/wp-json\/wp\/v2\/pages\/694","targetHints":{"allow":["GET"]}}],"collection":[{"href":"https:\/\/decareto-test.qivoro.han-solo.net\/de\/wp-json\/wp\/v2\/pages"}],"about":[{"href":"https:\/\/decareto-test.qivoro.han-solo.net\/de\/wp-json\/wp\/v2\/types\/page"}],"author":[{"embeddable":true,"href":"https:\/\/decareto-test.qivoro.han-solo.net\/de\/wp-json\/wp\/v2\/users\/1"}],"replies":[{"embeddable":true,"href":"https:\/\/decareto-test.qivoro.han-solo.net\/de\/wp-json\/wp\/v2\/comments?post=694"}],"version-history":[{"count":89,"href":"https:\/\/decareto-test.qivoro.han-solo.net\/de\/wp-json\/wp\/v2\/pages\/694\/revisions"}],"predecessor-version":[{"id":2888,"href":"https:\/\/decareto-test.qivoro.han-solo.net\/de\/wp-json\/wp\/v2\/pages\/694\/revisions\/2888"}],"wp:attachment":[{"href":"https:\/\/decareto-test.qivoro.han-solo.net\/de\/wp-json\/wp\/v2\/media?parent=694"}],"curies":[{"name":"wp","href":"https:\/\/api.w.org\/{rel}","templated":true}]}}